{"id":5397,"date":"2025-07-03T01:45:22","date_gmt":"2025-07-03T01:45:22","guid":{"rendered":"https:\/\/zehsm.com\/?page_id=5397"},"modified":"2025-08-13T07:33:47","modified_gmt":"2025-08-13T07:33:47","slug":"service","status":"publish","type":"page","link":"https:\/\/www.zehsm.com\/fr\/service\/","title":{"rendered":"Service"},"content":{"rendered":"<div data-elementor-type=\"wp-page\" data-elementor-id=\"5397\" class=\"elementor elementor-5397\" data-elementor-post-type=\"page\">\n\t\t\t\t<div class=\"elementor-element elementor-element-55798c49 e-flex e-con-boxed e-con e-parent\" data-id=\"55798c49\" data-element_type=\"container\" data-e-type=\"container\" data-settings=\"{&quot;background_background&quot;:&quot;classic&quot;}\">\n\t\t\t\t\t<div class=\"e-con-inner\">\n\t\t\t\t<div class=\"elementor-element elementor-element-379eb567 elementor-widget elementor-widget-heading\" data-id=\"379eb567\" data-element_type=\"widget\" data-e-type=\"widget\" data-widget_type=\"heading.default\">\n\t\t\t\t<div class=\"elementor-widget-container\">\n\t\t\t\t\t<h1 class=\"elementor-heading-title elementor-size-default\">Service<\/h1>\t\t\t\t<\/div>\n\t\t\t\t<\/div>\n\t\t\t\t<div class=\"elementor-element elementor-element-6b7c6c9 elementor-widget elementor-widget-woocommerce-breadcrumb\" data-id=\"6b7c6c9\" data-element_type=\"widget\" data-e-type=\"widget\" data-widget_type=\"woocommerce-breadcrumb.default\">\n\t\t\t\t<div class=\"elementor-widget-container\">\n\t\t\t\t\t<nav class=\"woocommerce-breadcrumb\" aria-label=\"Breadcrumb\" data-no-translation=\"\" data-trp-gettext=\"\">Maison<\/nav>\t\t\t\t<\/div>\n\t\t\t\t<\/div>\n\t\t\t\t<div class=\"elementor-element elementor-element-6bae3790 elementor-widget elementor-widget-text-editor\" data-id=\"6bae3790\" data-element_type=\"widget\" data-e-type=\"widget\" data-widget_type=\"text-editor.default\">\n\t\t\t\t<div class=\"elementor-widget-container\">\n\t\t\t\t\t\t\t\t\tFond\u00e9e en 1998, Zhejiang Zhong Yihong (ZEH) Electronic Technology Co., Ltd. s&#039;est engag\u00e9e dans toutes sortes de moules mat\u00e9riels, CNC, t\u00f4les, pi\u00e8ces d&#039;emboutissage et autres personnalisations de moules mat\u00e9riels de pr\u00e9cision haut de gamme.  \t\t\t\t\t\t\t\t<\/div>\n\t\t\t\t<\/div>\n\t\t\t\t\t<\/div>\n\t\t\t\t<\/div>\n\t\t<div class=\"elementor-element elementor-element-66565e4 e-flex e-con-boxed e-con e-parent\" data-id=\"66565e4\" data-element_type=\"container\" data-e-type=\"container\">\n\t\t\t\t\t<div class=\"e-con-inner\">\n\t\t<div class=\"elementor-element elementor-element-37a247a e-con-full e-flex e-con e-child\" data-id=\"37a247a\" data-element_type=\"container\" data-e-type=\"container\">\n\t\t<div class=\"elementor-element elementor-element-58cd5a5 e-con-full e-flex e-con e-child\" data-id=\"58cd5a5\" data-element_type=\"container\" data-e-type=\"container\">\n\t\t\t\t<div class=\"elementor-element elementor-element-f0d4f47 elementor-widget elementor-widget-image\" data-id=\"f0d4f47\" data-element_type=\"widget\" data-e-type=\"widget\" data-widget_type=\"image.default\">\n\t\t\t\t<div class=\"elementor-widget-container\">\n\t\t\t\t\t\t\t\t\t\t\t\t\t\t\t<img fetchpriority=\"high\" decoding=\"async\" width=\"459\" height=\"459\" src=\"https:\/\/www.zehsm.com\/wp-content\/uploads\/2025\/07\/Speaker-and-Microphone-series-2.jpg\" class=\"attachment-full size-full wp-image-5336\" alt=\"\" srcset=\"https:\/\/www.zehsm.com\/wp-content\/uploads\/2025\/07\/Speaker-and-Microphone-series-2.jpg 459w, https:\/\/www.zehsm.com\/wp-content\/uploads\/2025\/07\/Speaker-and-Microphone-series-2-300x300.jpg 300w, https:\/\/www.zehsm.com\/wp-content\/uploads\/2025\/07\/Speaker-and-Microphone-series-2-150x150.jpg 150w, https:\/\/www.zehsm.com\/wp-content\/uploads\/2025\/07\/Speaker-and-Microphone-series-2-100x100.jpg 100w\" sizes=\"(max-width: 459px) 100vw, 459px\">\t\t\t\t\t\t\t\t\t\t\t\t\t\t\t<\/div>\n\t\t\t\t<\/div>\n\t\t\t\t<\/div>\n\t\t<div class=\"elementor-element elementor-element-064d023 e-con-full e-flex e-con e-child\" data-id=\"064d023\" data-element_type=\"container\" data-e-type=\"container\">\n\t\t\t\t<div class=\"elementor-element elementor-element-9dbe954 elementor-widget elementor-widget-text-editor\" data-id=\"9dbe954\" data-element_type=\"widget\" data-e-type=\"widget\" data-widget_type=\"text-editor.default\">\n\t\t\t\t<div class=\"elementor-widget-container\">\n\t\t\t\t\t\t\t\t\t<h2>S\u00e9rie de haut-parleurs et de microphones<\/h2><p>Nos lignes de production de haut-parleurs sont \u00e9quip\u00e9es d&#039;\u00e9quipements automatis\u00e9s de pointe, notamment de machines d&#039;assemblage de diaphragmes \u00e0 grande vitesse, d&#039;\u00e9quipements d&#039;enroulement de bobines de pr\u00e9cision et de syst\u00e8mes de collage et de soudage de bornes enti\u00e8rement automatis\u00e9s.<\/p><p>Avec deux usines totalisant 9 000 m\u00b2, nous atteignons une capacit\u00e9 de production mensuelle allant jusqu&#039;\u00e0 8 millions d&#039;unit\u00e9s de haut-parleurs, couvrant des micro-haut-parleurs, des haut-parleurs \u00e0 gamme compl\u00e8te, des tweeters et des solutions de haut-parleurs personnalis\u00e9es.<br \/>Nous mettons en \u0153uvre un syst\u00e8me de contr\u00f4le qualit\u00e9 strict soutenu par un logiciel ERP\/MES pour une tra\u00e7abilit\u00e9 compl\u00e8te de la production, garantissant une coh\u00e9rence et une fiabilit\u00e9 \u00e9lev\u00e9es sur chaque lot.<\/p>\t\t\t\t\t\t\t\t<\/div>\n\t\t\t\t<\/div>\n\t\t\t\t<div class=\"elementor-element elementor-element-211ce07 elementor-widget elementor-widget-button\" data-id=\"211ce07\" data-element_type=\"widget\" data-e-type=\"widget\" data-widget_type=\"button.default\">\n\t\t\t\t<div class=\"elementor-widget-container\">\n\t\t\t\t\t\t\t\t\t<div class=\"elementor-button-wrapper\">\n\t\t\t\t\t<a class=\"elementor-button elementor-button-link elementor-size-sm\" href=\"https:\/\/www.zehsm.com\/fr\/serie-de-haut-parleurs-et-de-microphones\/\">\n\t\t\t\t\t\t<span class=\"elementor-button-content-wrapper\">\n\t\t\t\t\t\t\t\t\t<span class=\"elementor-button-text\">Apprendre encore plus<\/span>\n\t\t\t\t\t<\/span>\n\t\t\t\t\t<\/a>\n\t\t\t\t<\/div>\n\t\t\t\t\t\t\t\t<\/div>\n\t\t\t\t<\/div>\n\t\t\t\t<\/div>\n\t\t\t\t<\/div>\n\t\t<div class=\"elementor-element elementor-element-c90f877 e-con-full e-flex e-con e-child\" data-id=\"c90f877\" data-element_type=\"container\" data-e-type=\"container\">\n\t\t<div class=\"elementor-element elementor-element-7e43218 e-con-full e-flex e-con e-child\" data-id=\"7e43218\" data-element_type=\"container\" data-e-type=\"container\">\n\t\t\t\t<div class=\"elementor-element elementor-element-c9d00ef elementor-widget elementor-widget-image\" data-id=\"c9d00ef\" data-element_type=\"widget\" data-e-type=\"widget\" data-widget_type=\"image.default\">\n\t\t\t\t<div class=\"elementor-widget-container\">\n\t\t\t\t\t\t\t\t\t\t\t\t\t\t\t<img decoding=\"async\" width=\"479\" height=\"407\" src=\"https:\/\/www.zehsm.com\/wp-content\/uploads\/2025\/07\/Cable-wire-wiring-harness.jpg\" class=\"attachment-full size-full wp-image-5367\" alt=\"\" srcset=\"https:\/\/www.zehsm.com\/wp-content\/uploads\/2025\/07\/Cable-wire-wiring-harness.jpg 479w, https:\/\/www.zehsm.com\/wp-content\/uploads\/2025\/07\/Cable-wire-wiring-harness-300x255.jpg 300w\" sizes=\"(max-width: 479px) 100vw, 479px\">\t\t\t\t\t\t\t\t\t\t\t\t\t\t\t<\/div>\n\t\t\t\t<\/div>\n\t\t\t\t<\/div>\n\t\t<div class=\"elementor-element elementor-element-f6f6ba8 e-con-full e-flex e-con e-child\" data-id=\"f6f6ba8\" data-element_type=\"container\" data-e-type=\"container\">\n\t\t\t\t<div class=\"elementor-element elementor-element-8332b57 elementor-widget elementor-widget-text-editor\" data-id=\"8332b57\" data-element_type=\"widget\" data-e-type=\"widget\" data-widget_type=\"text-editor.default\">\n\t\t\t\t<div class=\"elementor-widget-container\">\n\t\t\t\t\t\t\t\t\t<h2>Principaux avantages ax\u00e9s sur les solutions de c\u00e2bles et de faisceaux de c\u00e2bles<\/h2><p>L&#039;\u00e9quipe d&#039;ing\u00e9nierie exp\u00e9riment\u00e9e de ZEH fournit des solutions de faisceaux de c\u00e2bles sur mesure en fonction des conceptions de circuits, des exigences de routage, des environnements d&#039;utilisation et des sp\u00e9cifications des clients, y compris la longueur, le calibre des fils, les connecteurs, les mat\u00e9riaux de gaine et la disposition.<\/p><p>Nous soutenons le d\u00e9veloppement de harnais sp\u00e9cialis\u00e9s pour les applications automobiles, audio, m\u00e9dicales et industrielles, r\u00e9pondant \u00e0 des normes de performance et de certification strictes.<\/p>\t\t\t\t\t\t\t\t<\/div>\n\t\t\t\t<\/div>\n\t\t\t\t<div class=\"elementor-element elementor-element-ea0fbd3 elementor-widget elementor-widget-button\" data-id=\"ea0fbd3\" data-element_type=\"widget\" data-e-type=\"widget\" data-widget_type=\"button.default\">\n\t\t\t\t<div class=\"elementor-widget-container\">\n\t\t\t\t\t\t\t\t\t<div class=\"elementor-button-wrapper\">\n\t\t\t\t\t<a class=\"elementor-button elementor-button-link elementor-size-sm\" href=\"https:\/\/www.zehsm.com\/fr\/faisceau-de-cables-3\/\">\n\t\t\t\t\t\t<span class=\"elementor-button-content-wrapper\">\n\t\t\t\t\t\t\t\t\t<span class=\"elementor-button-text\">Apprendre encore plus<\/span>\n\t\t\t\t\t<\/span>\n\t\t\t\t\t<\/a>\n\t\t\t\t<\/div>\n\t\t\t\t\t\t\t\t<\/div>\n\t\t\t\t<\/div>\n\t\t\t\t<\/div>\n\t\t\t\t<\/div>\n\t\t<div class=\"elementor-element elementor-element-39214fa e-con-full e-flex e-con e-child\" data-id=\"39214fa\" data-element_type=\"container\" data-e-type=\"container\">\n\t\t<div class=\"elementor-element elementor-element-ae49b71 e-con-full e-flex e-con e-child\" data-id=\"ae49b71\" data-element_type=\"container\" data-e-type=\"container\">\n\t\t\t\t<div class=\"elementor-element elementor-element-f42bfac elementor-widget elementor-widget-image\" data-id=\"f42bfac\" data-element_type=\"widget\" data-e-type=\"widget\" data-widget_type=\"image.default\">\n\t\t\t\t<div class=\"elementor-widget-container\">\n\t\t\t\t\t\t\t\t\t\t\t\t\t\t\t<img decoding=\"async\" width=\"476\" height=\"475\" src=\"https:\/\/www.zehsm.com\/wp-content\/uploads\/2025\/07\/Plastic-injection-molding.jpg\" class=\"attachment-full size-full wp-image-5372\" alt=\"\" srcset=\"https:\/\/www.zehsm.com\/wp-content\/uploads\/2025\/07\/Plastic-injection-molding.jpg 476w, https:\/\/www.zehsm.com\/wp-content\/uploads\/2025\/07\/Plastic-injection-molding-300x300.jpg 300w, https:\/\/www.zehsm.com\/wp-content\/uploads\/2025\/07\/Plastic-injection-molding-150x150.jpg 150w, https:\/\/www.zehsm.com\/wp-content\/uploads\/2025\/07\/Plastic-injection-molding-100x100.jpg 100w\" sizes=\"(max-width: 476px) 100vw, 476px\">\t\t\t\t\t\t\t\t\t\t\t\t\t\t\t<\/div>\n\t\t\t\t<\/div>\n\t\t\t\t<\/div>\n\t\t<div class=\"elementor-element elementor-element-a660abf e-con-full e-flex e-con e-child\" data-id=\"a660abf\" data-element_type=\"container\" data-e-type=\"container\">\n\t\t\t\t<div class=\"elementor-element elementor-element-c251e32 elementor-widget elementor-widget-text-editor\" data-id=\"c251e32\" data-element_type=\"widget\" data-e-type=\"widget\" data-widget_type=\"text-editor.default\">\n\t\t\t\t<div class=\"elementor-widget-container\">\n\t\t\t\t\t\t\t\t\t<h2>Principaux avantages de la conception de moules en plastique et des services de moulage par injection<\/h2><p>ZEH dispose d&#039;une \u00e9quipe d&#039;ing\u00e9nieurs exp\u00e9riment\u00e9s en conception ID et m\u00e9canique qui peuvent rapidement r\u00e9aliser la mod\u00e9lisation 3D, la conception de moules et l&#039;analyse du flux de moules en fonction des exigences d&#039;apparence, de structure, d&#039;assemblage et de tol\u00e9rance des clients, garantissant un taux de r\u00e9ussite \u00e9lev\u00e9 au premier passage pour les moules.<\/p><p>Notre centre de fabrication de moules interne prend en charge les moules en acier de pr\u00e9cision, les moules bicolores et les moules \u00e0 canaux chauds, avec la flexibilit\u00e9 de modifier rapidement les moules pour correspondre aux mises \u00e0 jour des produits.<\/p>\t\t\t\t\t\t\t\t<\/div>\n\t\t\t\t<\/div>\n\t\t\t\t<div class=\"elementor-element elementor-element-3234eaa elementor-widget elementor-widget-button\" data-id=\"3234eaa\" data-element_type=\"widget\" data-e-type=\"widget\" data-widget_type=\"button.default\">\n\t\t\t\t<div class=\"elementor-widget-container\">\n\t\t\t\t\t\t\t\t\t<div class=\"elementor-button-wrapper\">\n\t\t\t\t\t<a class=\"elementor-button elementor-button-link elementor-size-sm\" href=\"https:\/\/www.zehsm.com\/fr\/moulage-par-injection-de-moules-en-plastique\/\">\n\t\t\t\t\t\t<span class=\"elementor-button-content-wrapper\">\n\t\t\t\t\t\t\t\t\t<span class=\"elementor-button-text\">Apprendre encore plus<\/span>\n\t\t\t\t\t<\/span>\n\t\t\t\t\t<\/a>\n\t\t\t\t<\/div>\n\t\t\t\t\t\t\t\t<\/div>\n\t\t\t\t<\/div>\n\t\t\t\t<\/div>\n\t\t\t\t<\/div>\n\t\t<div class=\"elementor-element elementor-element-7f91575 e-con-full e-flex e-con e-child\" data-id=\"7f91575\" data-element_type=\"container\" data-e-type=\"container\">\n\t\t<div class=\"elementor-element elementor-element-31d8ed6 e-con-full e-flex e-con e-child\" data-id=\"31d8ed6\" data-element_type=\"container\" data-e-type=\"container\">\n\t\t\t\t<div class=\"elementor-element elementor-element-ef9eeb4 elementor-widget elementor-widget-image\" data-id=\"ef9eeb4\" data-element_type=\"widget\" data-e-type=\"widget\" data-widget_type=\"image.default\">\n\t\t\t\t<div class=\"elementor-widget-container\">\n\t\t\t\t\t\t\t\t\t\t\t\t\t\t\t<img loading=\"lazy\" decoding=\"async\" width=\"633\" height=\"636\" src=\"https:\/\/www.zehsm.com\/wp-content\/uploads\/2025\/07\/CNC-Metal-Mold.jpg\" class=\"attachment-full size-full wp-image-5387\" alt=\"\" srcset=\"https:\/\/www.zehsm.com\/wp-content\/uploads\/2025\/07\/CNC-Metal-Mold.jpg 633w, https:\/\/www.zehsm.com\/wp-content\/uploads\/2025\/07\/CNC-Metal-Mold-300x300.jpg 300w, https:\/\/www.zehsm.com\/wp-content\/uploads\/2025\/07\/CNC-Metal-Mold-150x150.jpg 150w, https:\/\/www.zehsm.com\/wp-content\/uploads\/2025\/07\/CNC-Metal-Mold-600x603.jpg 600w, https:\/\/www.zehsm.com\/wp-content\/uploads\/2025\/07\/CNC-Metal-Mold-100x100.jpg 100w\" sizes=\"(max-width: 633px) 100vw, 633px\">\t\t\t\t\t\t\t\t\t\t\t\t\t\t\t<\/div>\n\t\t\t\t<\/div>\n\t\t\t\t<\/div>\n\t\t<div class=\"elementor-element elementor-element-c2f3663 e-con-full e-flex e-con e-child\" data-id=\"c2f3663\" data-element_type=\"container\" data-e-type=\"container\">\n\t\t\t\t<div class=\"elementor-element elementor-element-88de314 elementor-widget elementor-widget-text-editor\" data-id=\"88de314\" data-element_type=\"widget\" data-e-type=\"widget\" data-widget_type=\"text-editor.default\">\n\t\t\t\t<div class=\"elementor-widget-container\">\n\t\t\t\t\t\t\t\t\t<h2>Principaux avantages des moules m\u00e9talliques, de l&#039;usinage de pr\u00e9cision CNC et de la fabrication de t\u00f4les<\/h2><p>ZEH exploite des centres d&#039;usinage CNC avanc\u00e9s, des fraiseuses CNC, des tours, des d\u00e9coupeuses laser et d&#039;autres \u00e9quipements haut de gamme pour produire des pi\u00e8ces complexes avec un usinage simultan\u00e9 multi-axes, garantissant des tol\u00e9rances dimensionnelles de \u00b1 0,01 mm pour r\u00e9pondre aux exigences strictes des industries haut de gamme telles que l&#039;\u00e9lectronique grand public, l&#039;automobile et les appareils m\u00e9dicaux.<\/p><p>Nous prenons en charge le traitement d&#039;une large gamme de mat\u00e9riaux, notamment l&#039;aluminium, le cuivre, l&#039;acier inoxydable, l&#039;acier au carbone et les alliages, avec des capacit\u00e9s de prototypage rapide et de production de masse.<\/p>\t\t\t\t\t\t\t\t<\/div>\n\t\t\t\t<\/div>\n\t\t\t\t<div class=\"elementor-element elementor-element-739fc07 elementor-widget elementor-widget-button\" data-id=\"739fc07\" data-element_type=\"widget\" data-e-type=\"widget\" data-widget_type=\"button.default\">\n\t\t\t\t<div class=\"elementor-widget-container\">\n\t\t\t\t\t\t\t\t\t<div class=\"elementor-button-wrapper\">\n\t\t\t\t\t<a class=\"elementor-button elementor-button-link elementor-size-sm\" href=\"https:\/\/www.zehsm.com\/fr\/service-de-moulage-metallique-et-de-tolerie-cnc\/\">\n\t\t\t\t\t\t<span class=\"elementor-button-content-wrapper\">\n\t\t\t\t\t\t\t\t\t<span class=\"elementor-button-text\">Apprendre encore plus<\/span>\n\t\t\t\t\t<\/span>\n\t\t\t\t\t<\/a>\n\t\t\t\t<\/div>\n\t\t\t\t\t\t\t\t<\/div>\n\t\t\t\t<\/div>\n\t\t\t\t<\/div>\n\t\t\t\t<\/div>\n\t\t\t\t\t<\/div>\n\t\t\t\t<\/div>\n\t\t\t\t<\/div>","protected":false},"excerpt":{"rendered":"<p>Established in 1998, zhejiang Zhong Yihong\uff08ZEH\uff09 Electronic Technology Co., Ltd. It has been committed to all kinds of hardware molds, CNC, sheet metal, stamping parts and other high-end precision hardware mold customization. Speaker and Microphone Series Our speaker production lines are equipped with advanced automated equipment, including high-speed diaphragm assembly machines, precision coil winding equipment, [&hellip;]<\/p>\n","protected":false},"author":1,"featured_media":0,"parent":0,"menu_order":0,"comment_status":"closed","ping_status":"closed","template":"","meta":{"footnotes":""},"class_list":["post-5397","page","type-page","status-publish","hentry"],"_links":{"self":[{"href":"https:\/\/www.zehsm.com\/fr\/wp-json\/wp\/v2\/pages\/5397","targetHints":{"allow":["GET"]}}],"collection":[{"href":"https:\/\/www.zehsm.com\/fr\/wp-json\/wp\/v2\/pages"}],"about":[{"href":"https:\/\/www.zehsm.com\/fr\/wp-json\/wp\/v2\/types\/page"}],"author":[{"embeddable":true,"href":"https:\/\/www.zehsm.com\/fr\/wp-json\/wp\/v2\/users\/1"}],"replies":[{"embeddable":true,"href":"https:\/\/www.zehsm.com\/fr\/wp-json\/wp\/v2\/comments?post=5397"}],"version-history":[{"count":11,"href":"https:\/\/www.zehsm.com\/fr\/wp-json\/wp\/v2\/pages\/5397\/revisions"}],"predecessor-version":[{"id":7187,"href":"https:\/\/www.zehsm.com\/fr\/wp-json\/wp\/v2\/pages\/5397\/revisions\/7187"}],"wp:attachment":[{"href":"https:\/\/www.zehsm.com\/fr\/wp-json\/wp\/v2\/media?parent=5397"}],"curies":[{"name":"wp","href":"https:\/\/api.w.org\/{rel}","templated":true}]}}