{"id":5397,"date":"2025-07-03T01:45:22","date_gmt":"2025-07-03T01:45:22","guid":{"rendered":"https:\/\/zehsm.com\/?page_id=5397"},"modified":"2025-08-13T07:33:47","modified_gmt":"2025-08-13T07:33:47","slug":"servicio","status":"publish","type":"page","link":"https:\/\/www.zehsm.com\/es\/service\/","title":{"rendered":"Servicio"},"content":{"rendered":"<div data-elementor-type=\"wp-page\" data-elementor-id=\"5397\" class=\"elementor elementor-5397\" data-elementor-post-type=\"page\">\n\t\t\t\t<div class=\"elementor-element elementor-element-55798c49 e-flex e-con-boxed e-con e-parent\" data-id=\"55798c49\" data-element_type=\"container\" data-e-type=\"container\" data-settings=\"{&quot;background_background&quot;:&quot;classic&quot;}\">\n\t\t\t\t\t<div class=\"e-con-inner\">\n\t\t\t\t<div class=\"elementor-element elementor-element-379eb567 elementor-widget elementor-widget-heading\" data-id=\"379eb567\" data-element_type=\"widget\" data-e-type=\"widget\" data-widget_type=\"heading.default\">\n\t\t\t\t<div class=\"elementor-widget-container\">\n\t\t\t\t\t<h1 class=\"elementor-heading-title elementor-size-default\">Servicio<\/h1>\t\t\t\t<\/div>\n\t\t\t\t<\/div>\n\t\t\t\t<div class=\"elementor-element elementor-element-6b7c6c9 elementor-widget elementor-widget-woocommerce-breadcrumb\" data-id=\"6b7c6c9\" data-element_type=\"widget\" data-e-type=\"widget\" data-widget_type=\"woocommerce-breadcrumb.default\">\n\t\t\t\t<div class=\"elementor-widget-container\">\n\t\t\t\t\t<nav class=\"woocommerce-breadcrumb\" aria-label=\"Breadcrumb\" data-no-translation=\"\" data-trp-gettext=\"\">Hogar<\/nav>\t\t\t\t<\/div>\n\t\t\t\t<\/div>\n\t\t\t\t<div class=\"elementor-element elementor-element-6bae3790 elementor-widget elementor-widget-text-editor\" data-id=\"6bae3790\" data-element_type=\"widget\" data-e-type=\"widget\" data-widget_type=\"text-editor.default\">\n\t\t\t\t<div class=\"elementor-widget-container\">\n\t\t\t\t\t\t\t\t\tEstablecida en 1998, zhejiang Zhong Yihong\uff08ZEH\uff09 Electronic Technology Co., Ltd. se ha comprometido a todo tipo de moldes de hardware, CNC, chapa met\u00e1lica, piezas de estampado y otras personalizaciones de moldes de hardware de precisi\u00f3n de alta gama.  \t\t\t\t\t\t\t\t<\/div>\n\t\t\t\t<\/div>\n\t\t\t\t\t<\/div>\n\t\t\t\t<\/div>\n\t\t<div class=\"elementor-element elementor-element-66565e4 e-flex e-con-boxed e-con e-parent\" data-id=\"66565e4\" data-element_type=\"container\" data-e-type=\"container\">\n\t\t\t\t\t<div class=\"e-con-inner\">\n\t\t<div class=\"elementor-element elementor-element-37a247a e-con-full e-flex e-con e-child\" data-id=\"37a247a\" data-element_type=\"container\" data-e-type=\"container\">\n\t\t<div class=\"elementor-element elementor-element-58cd5a5 e-con-full e-flex e-con e-child\" data-id=\"58cd5a5\" data-element_type=\"container\" data-e-type=\"container\">\n\t\t\t\t<div class=\"elementor-element elementor-element-f0d4f47 elementor-widget elementor-widget-image\" data-id=\"f0d4f47\" data-element_type=\"widget\" data-e-type=\"widget\" data-widget_type=\"image.default\">\n\t\t\t\t<div class=\"elementor-widget-container\">\n\t\t\t\t\t\t\t\t\t\t\t\t\t\t\t<img fetchpriority=\"high\" decoding=\"async\" width=\"459\" height=\"459\" src=\"https:\/\/www.zehsm.com\/wp-content\/uploads\/2025\/07\/Speaker-and-Microphone-series-2.jpg\" class=\"attachment-full size-full wp-image-5336\" alt=\"\" srcset=\"https:\/\/www.zehsm.com\/wp-content\/uploads\/2025\/07\/Speaker-and-Microphone-series-2.jpg 459w, https:\/\/www.zehsm.com\/wp-content\/uploads\/2025\/07\/Speaker-and-Microphone-series-2-300x300.jpg 300w, https:\/\/www.zehsm.com\/wp-content\/uploads\/2025\/07\/Speaker-and-Microphone-series-2-150x150.jpg 150w, https:\/\/www.zehsm.com\/wp-content\/uploads\/2025\/07\/Speaker-and-Microphone-series-2-100x100.jpg 100w\" sizes=\"(max-width: 459px) 100vw, 459px\">\t\t\t\t\t\t\t\t\t\t\t\t\t\t\t<\/div>\n\t\t\t\t<\/div>\n\t\t\t\t<\/div>\n\t\t<div class=\"elementor-element elementor-element-064d023 e-con-full e-flex e-con e-child\" data-id=\"064d023\" data-element_type=\"container\" data-e-type=\"container\">\n\t\t\t\t<div class=\"elementor-element elementor-element-9dbe954 elementor-widget elementor-widget-text-editor\" data-id=\"9dbe954\" data-element_type=\"widget\" data-e-type=\"widget\" data-widget_type=\"text-editor.default\">\n\t\t\t\t<div class=\"elementor-widget-container\">\n\t\t\t\t\t\t\t\t\t<h2>Serie de altavoces y micr\u00f3fonos<\/h2><p>Nuestras l\u00edneas de producci\u00f3n de altavoces est\u00e1n equipadas con equipos automatizados avanzados, que incluyen m\u00e1quinas de ensamblaje de diafragmas de alta velocidad, equipos de bobinado de bobinas de precisi\u00f3n y sistemas de pegado y soldadura de terminales totalmente automatizados.<\/p><p>Con dos f\u00e1bricas que suman 9.000\u33a1, logramos una capacidad de producci\u00f3n mensual de hasta 8 millones de unidades de altavoces, que abarcan microaltavoces, controladores de rango completo, tweeters y soluciones de altavoces personalizados.<br \/>Implementamos un estricto sistema de control de calidad respaldado por software ERP\/MES para una trazabilidad completa de la producci\u00f3n, asegurando una alta consistencia y confiabilidad en cada lote.<\/p>\t\t\t\t\t\t\t\t<\/div>\n\t\t\t\t<\/div>\n\t\t\t\t<div class=\"elementor-element elementor-element-211ce07 elementor-widget elementor-widget-button\" data-id=\"211ce07\" data-element_type=\"widget\" data-e-type=\"widget\" data-widget_type=\"button.default\">\n\t\t\t\t<div class=\"elementor-widget-container\">\n\t\t\t\t\t\t\t\t\t<div class=\"elementor-button-wrapper\">\n\t\t\t\t\t<a class=\"elementor-button elementor-button-link elementor-size-sm\" href=\"https:\/\/www.zehsm.com\/es\/serie-de-altavoces-y-microfonos\/\">\n\t\t\t\t\t\t<span class=\"elementor-button-content-wrapper\">\n\t\t\t\t\t\t\t\t\t<span class=\"elementor-button-text\">M\u00e1s informaci\u00f3n<\/span>\n\t\t\t\t\t<\/span>\n\t\t\t\t\t<\/a>\n\t\t\t\t<\/div>\n\t\t\t\t\t\t\t\t<\/div>\n\t\t\t\t<\/div>\n\t\t\t\t<\/div>\n\t\t\t\t<\/div>\n\t\t<div class=\"elementor-element elementor-element-c90f877 e-con-full e-flex e-con e-child\" data-id=\"c90f877\" data-element_type=\"container\" data-e-type=\"container\">\n\t\t<div class=\"elementor-element elementor-element-7e43218 e-con-full e-flex e-con e-child\" data-id=\"7e43218\" data-element_type=\"container\" data-e-type=\"container\">\n\t\t\t\t<div class=\"elementor-element elementor-element-c9d00ef elementor-widget elementor-widget-image\" data-id=\"c9d00ef\" data-element_type=\"widget\" data-e-type=\"widget\" data-widget_type=\"image.default\">\n\t\t\t\t<div class=\"elementor-widget-container\">\n\t\t\t\t\t\t\t\t\t\t\t\t\t\t\t<img decoding=\"async\" width=\"479\" height=\"407\" src=\"https:\/\/www.zehsm.com\/wp-content\/uploads\/2025\/07\/Cable-wire-wiring-harness.jpg\" class=\"attachment-full size-full wp-image-5367\" alt=\"\" srcset=\"https:\/\/www.zehsm.com\/wp-content\/uploads\/2025\/07\/Cable-wire-wiring-harness.jpg 479w, https:\/\/www.zehsm.com\/wp-content\/uploads\/2025\/07\/Cable-wire-wiring-harness-300x255.jpg 300w\" sizes=\"(max-width: 479px) 100vw, 479px\">\t\t\t\t\t\t\t\t\t\t\t\t\t\t\t<\/div>\n\t\t\t\t<\/div>\n\t\t\t\t<\/div>\n\t\t<div class=\"elementor-element elementor-element-f6f6ba8 e-con-full e-flex e-con e-child\" data-id=\"f6f6ba8\" data-element_type=\"container\" data-e-type=\"container\">\n\t\t\t\t<div class=\"elementor-element elementor-element-8332b57 elementor-widget elementor-widget-text-editor\" data-id=\"8332b57\" data-element_type=\"widget\" data-e-type=\"widget\" data-widget_type=\"text-editor.default\">\n\t\t\t\t<div class=\"elementor-widget-container\">\n\t\t\t\t\t\t\t\t\t<h2>Ventajas principales centradas en soluciones de cables y arneses de cableado<\/h2><p>El experimentado equipo de ingenier\u00eda de ZEH ofrece soluciones de arneses de cableado personalizados seg\u00fan los dise\u00f1os de circuitos, los requisitos de enrutamiento, los entornos de uso y las especificaciones de los clientes, que incluyen longitud, calibre del cable, conectores, materiales de revestimiento y dise\u00f1o.<\/p><p>Apoyamos el desarrollo de arneses especializados para aplicaciones automotrices, de audio, m\u00e9dicas e industriales, cumpliendo con estrictos est\u00e1ndares de rendimiento y certificaci\u00f3n.<\/p>\t\t\t\t\t\t\t\t<\/div>\n\t\t\t\t<\/div>\n\t\t\t\t<div class=\"elementor-element elementor-element-ea0fbd3 elementor-widget elementor-widget-button\" data-id=\"ea0fbd3\" data-element_type=\"widget\" data-e-type=\"widget\" data-widget_type=\"button.default\">\n\t\t\t\t<div class=\"elementor-widget-container\">\n\t\t\t\t\t\t\t\t\t<div class=\"elementor-button-wrapper\">\n\t\t\t\t\t<a class=\"elementor-button elementor-button-link elementor-size-sm\" href=\"https:\/\/www.zehsm.com\/es\/arnes-de-cableado-de-cables\/\">\n\t\t\t\t\t\t<span class=\"elementor-button-content-wrapper\">\n\t\t\t\t\t\t\t\t\t<span class=\"elementor-button-text\">M\u00e1s informaci\u00f3n<\/span>\n\t\t\t\t\t<\/span>\n\t\t\t\t\t<\/a>\n\t\t\t\t<\/div>\n\t\t\t\t\t\t\t\t<\/div>\n\t\t\t\t<\/div>\n\t\t\t\t<\/div>\n\t\t\t\t<\/div>\n\t\t<div class=\"elementor-element elementor-element-39214fa e-con-full e-flex e-con e-child\" data-id=\"39214fa\" data-element_type=\"container\" data-e-type=\"container\">\n\t\t<div class=\"elementor-element elementor-element-ae49b71 e-con-full e-flex e-con e-child\" data-id=\"ae49b71\" data-element_type=\"container\" data-e-type=\"container\">\n\t\t\t\t<div class=\"elementor-element elementor-element-f42bfac elementor-widget elementor-widget-image\" data-id=\"f42bfac\" data-element_type=\"widget\" data-e-type=\"widget\" data-widget_type=\"image.default\">\n\t\t\t\t<div class=\"elementor-widget-container\">\n\t\t\t\t\t\t\t\t\t\t\t\t\t\t\t<img decoding=\"async\" width=\"476\" height=\"475\" src=\"https:\/\/www.zehsm.com\/wp-content\/uploads\/2025\/07\/Plastic-injection-molding.jpg\" class=\"attachment-full size-full wp-image-5372\" alt=\"\" srcset=\"https:\/\/www.zehsm.com\/wp-content\/uploads\/2025\/07\/Plastic-injection-molding.jpg 476w, https:\/\/www.zehsm.com\/wp-content\/uploads\/2025\/07\/Plastic-injection-molding-300x300.jpg 300w, https:\/\/www.zehsm.com\/wp-content\/uploads\/2025\/07\/Plastic-injection-molding-150x150.jpg 150w, https:\/\/www.zehsm.com\/wp-content\/uploads\/2025\/07\/Plastic-injection-molding-100x100.jpg 100w\" sizes=\"(max-width: 476px) 100vw, 476px\">\t\t\t\t\t\t\t\t\t\t\t\t\t\t\t<\/div>\n\t\t\t\t<\/div>\n\t\t\t\t<\/div>\n\t\t<div class=\"elementor-element elementor-element-a660abf e-con-full e-flex e-con e-child\" data-id=\"a660abf\" data-element_type=\"container\" data-e-type=\"container\">\n\t\t\t\t<div class=\"elementor-element elementor-element-c251e32 elementor-widget elementor-widget-text-editor\" data-id=\"c251e32\" data-element_type=\"widget\" data-e-type=\"widget\" data-widget_type=\"text-editor.default\">\n\t\t\t\t<div class=\"elementor-widget-container\">\n\t\t\t\t\t\t\t\t\t<h2>Ventajas principales en el dise\u00f1o de moldes de pl\u00e1stico y servicios de moldeo por inyecci\u00f3n<\/h2><p>ZEH cuenta con un equipo de ingenieros experimentados en dise\u00f1o mec\u00e1nico e identificaci\u00f3n que pueden completar r\u00e1pidamente el modelado 3D, el dise\u00f1o de moldes y el an\u00e1lisis del flujo de moldes seg\u00fan los requisitos de apariencia, estructura, ensamblaje y tolerancia de los clientes, lo que garantiza una alta tasa de \u00e9xito en la primera pasada para los moldes.<\/p><p>Nuestro centro de fabricaci\u00f3n de moldes interno admite moldes de acero de precisi\u00f3n, moldes de dos colores y moldes de canal caliente, con la flexibilidad de modificar los moldes r\u00e1pidamente para que coincidan con las actualizaciones del producto.<\/p>\t\t\t\t\t\t\t\t<\/div>\n\t\t\t\t<\/div>\n\t\t\t\t<div class=\"elementor-element elementor-element-3234eaa elementor-widget elementor-widget-button\" data-id=\"3234eaa\" data-element_type=\"widget\" data-e-type=\"widget\" data-widget_type=\"button.default\">\n\t\t\t\t<div class=\"elementor-widget-container\">\n\t\t\t\t\t\t\t\t\t<div class=\"elementor-button-wrapper\">\n\t\t\t\t\t<a class=\"elementor-button elementor-button-link elementor-size-sm\" href=\"https:\/\/www.zehsm.com\/es\/moldeo-por-inyeccion-de-plastico\/\">\n\t\t\t\t\t\t<span class=\"elementor-button-content-wrapper\">\n\t\t\t\t\t\t\t\t\t<span class=\"elementor-button-text\">M\u00e1s informaci\u00f3n<\/span>\n\t\t\t\t\t<\/span>\n\t\t\t\t\t<\/a>\n\t\t\t\t<\/div>\n\t\t\t\t\t\t\t\t<\/div>\n\t\t\t\t<\/div>\n\t\t\t\t<\/div>\n\t\t\t\t<\/div>\n\t\t<div class=\"elementor-element elementor-element-7f91575 e-con-full e-flex e-con e-child\" data-id=\"7f91575\" data-element_type=\"container\" data-e-type=\"container\">\n\t\t<div class=\"elementor-element elementor-element-31d8ed6 e-con-full e-flex e-con e-child\" data-id=\"31d8ed6\" data-element_type=\"container\" data-e-type=\"container\">\n\t\t\t\t<div class=\"elementor-element elementor-element-ef9eeb4 elementor-widget elementor-widget-image\" data-id=\"ef9eeb4\" data-element_type=\"widget\" data-e-type=\"widget\" data-widget_type=\"image.default\">\n\t\t\t\t<div class=\"elementor-widget-container\">\n\t\t\t\t\t\t\t\t\t\t\t\t\t\t\t<img loading=\"lazy\" decoding=\"async\" width=\"633\" height=\"636\" src=\"https:\/\/www.zehsm.com\/wp-content\/uploads\/2025\/07\/CNC-Metal-Mold.jpg\" class=\"attachment-full size-full wp-image-5387\" alt=\"\" srcset=\"https:\/\/www.zehsm.com\/wp-content\/uploads\/2025\/07\/CNC-Metal-Mold.jpg 633w, https:\/\/www.zehsm.com\/wp-content\/uploads\/2025\/07\/CNC-Metal-Mold-300x300.jpg 300w, https:\/\/www.zehsm.com\/wp-content\/uploads\/2025\/07\/CNC-Metal-Mold-150x150.jpg 150w, https:\/\/www.zehsm.com\/wp-content\/uploads\/2025\/07\/CNC-Metal-Mold-600x603.jpg 600w, https:\/\/www.zehsm.com\/wp-content\/uploads\/2025\/07\/CNC-Metal-Mold-100x100.jpg 100w\" sizes=\"(max-width: 633px) 100vw, 633px\">\t\t\t\t\t\t\t\t\t\t\t\t\t\t\t<\/div>\n\t\t\t\t<\/div>\n\t\t\t\t<\/div>\n\t\t<div class=\"elementor-element elementor-element-c2f3663 e-con-full e-flex e-con e-child\" data-id=\"c2f3663\" data-element_type=\"container\" data-e-type=\"container\">\n\t\t\t\t<div class=\"elementor-element elementor-element-88de314 elementor-widget elementor-widget-text-editor\" data-id=\"88de314\" data-element_type=\"widget\" data-e-type=\"widget\" data-widget_type=\"text-editor.default\">\n\t\t\t\t<div class=\"elementor-widget-container\">\n\t\t\t\t\t\t\t\t\t<h2>Ventajas principales en moldes met\u00e1licos, mecanizado de precisi\u00f3n CNC y fabricaci\u00f3n de chapa met\u00e1lica<\/h2><p>ZEH opera centros de mecanizado CNC avanzados, fresadoras CNC, tornos, cortadores l\u00e1ser y otros equipos de alta gama para producir piezas complejas con mecanizado simult\u00e1neo de m\u00faltiples ejes, garantizando tolerancias dimensionales de \u00b10,01 mm para cumplir con los estrictos requisitos de industrias de alta gama como la electr\u00f3nica de consumo, la automotriz y los dispositivos m\u00e9dicos.<\/p><p>Apoyamos el procesamiento de una amplia gama de materiales, incluidos aluminio, cobre, acero inoxidable, acero al carbono y aleaciones, con capacidades tanto para creaci\u00f3n r\u00e1pida de prototipos como para producci\u00f3n en masa.<\/p>\t\t\t\t\t\t\t\t<\/div>\n\t\t\t\t<\/div>\n\t\t\t\t<div class=\"elementor-element elementor-element-739fc07 elementor-widget elementor-widget-button\" data-id=\"739fc07\" data-element_type=\"widget\" data-e-type=\"widget\" data-widget_type=\"button.default\">\n\t\t\t\t<div class=\"elementor-widget-container\">\n\t\t\t\t\t\t\t\t\t<div class=\"elementor-button-wrapper\">\n\t\t\t\t\t<a class=\"elementor-button elementor-button-link elementor-size-sm\" href=\"https:\/\/www.zehsm.com\/es\/servicio-de-moldes-metalicos-y-chapa-metalica-cnc\/\">\n\t\t\t\t\t\t<span class=\"elementor-button-content-wrapper\">\n\t\t\t\t\t\t\t\t\t<span class=\"elementor-button-text\">M\u00e1s informaci\u00f3n<\/span>\n\t\t\t\t\t<\/span>\n\t\t\t\t\t<\/a>\n\t\t\t\t<\/div>\n\t\t\t\t\t\t\t\t<\/div>\n\t\t\t\t<\/div>\n\t\t\t\t<\/div>\n\t\t\t\t<\/div>\n\t\t\t\t\t<\/div>\n\t\t\t\t<\/div>\n\t\t\t\t<\/div>","protected":false},"excerpt":{"rendered":"<p>Established in 1998, zhejiang Zhong Yihong\uff08ZEH\uff09 Electronic Technology Co., Ltd. It has been committed to all kinds of hardware molds, CNC, sheet metal, stamping parts and other high-end precision hardware mold customization. Speaker and Microphone Series Our speaker production lines are equipped with advanced automated equipment, including high-speed diaphragm assembly machines, precision coil winding equipment, [&hellip;]<\/p>\n","protected":false},"author":1,"featured_media":0,"parent":0,"menu_order":0,"comment_status":"closed","ping_status":"closed","template":"","meta":{"footnotes":""},"class_list":["post-5397","page","type-page","status-publish","hentry"],"_links":{"self":[{"href":"https:\/\/www.zehsm.com\/es\/wp-json\/wp\/v2\/pages\/5397","targetHints":{"allow":["GET"]}}],"collection":[{"href":"https:\/\/www.zehsm.com\/es\/wp-json\/wp\/v2\/pages"}],"about":[{"href":"https:\/\/www.zehsm.com\/es\/wp-json\/wp\/v2\/types\/page"}],"author":[{"embeddable":true,"href":"https:\/\/www.zehsm.com\/es\/wp-json\/wp\/v2\/users\/1"}],"replies":[{"embeddable":true,"href":"https:\/\/www.zehsm.com\/es\/wp-json\/wp\/v2\/comments?post=5397"}],"version-history":[{"count":11,"href":"https:\/\/www.zehsm.com\/es\/wp-json\/wp\/v2\/pages\/5397\/revisions"}],"predecessor-version":[{"id":7187,"href":"https:\/\/www.zehsm.com\/es\/wp-json\/wp\/v2\/pages\/5397\/revisions\/7187"}],"wp:attachment":[{"href":"https:\/\/www.zehsm.com\/es\/wp-json\/wp\/v2\/media?parent=5397"}],"curies":[{"name":"gracias","href":"https:\/\/api.w.org\/{rel}","templated":true}]}}